{"id":15,"date":"2020-07-11T08:42:02","date_gmt":"2020-07-11T05:42:02","guid":{"rendered":"http:\/\/yesimaskim.com\/serap\/?page_id=15"},"modified":"2020-07-16T18:26:08","modified_gmt":"2020-07-16T15:26:08","slug":"anasayfa","status":"publish","type":"page","link":"https:\/\/www.serapozcalici.com\/tr\/","title":{"rendered":"Anasayfa"},"content":{"rendered":"<p>[vc_row css=&#8221;.vc_custom_1594856295239{padding-bottom: 50px !important;}&#8221;][vc_column][vc_column_text]<\/p>\n<section id=\"section-splash\" class=\"pe-main-section pe-splash-section pe-full-page pe-no-resize\" data-maxheight=\"300\" data-minheight=\"300\">\n<div class=\"pe-container pe-block\">\n<div class=\"peSlider peVolo peNeedResize pe-block\" data-speed=\"5\" data-fade=\"2\" data-transition=\"pz\" data-plugin=\"peVista\" data-controls-arrows=\"edges-buttons\" data-controls-bullets=\"enabled\" data-icon-font=\"enabled\">\n<div class=\"peWrap\">\n<div class=\" \" data-delay=\"4\">\n<p><strong>Bu Blo\u011fu Neden Olu\u015fturdum?<\/strong><\/p>\n<p>S\u00fcrekli i\u00e7imden kendime anlatt\u0131\u011f\u0131m konular\u0131 yaz\u0131ya d\u00f6kme iste\u011fimi tatmin etmek, birikimlerimi payla\u015fabilmek, okuyan insanlara fayda sa\u011flayabilmek, networking, daha fazla ara\u015ft\u0131rma yaparak yazd\u0131\u011f\u0131m konularda derinle\u015febilmek ve dolay\u0131s\u0131yla kendimi geli\u015ftirmek niyetleriyle yola \u00e7\u0131kt\u0131m. Hay\u0131rl\u0131 olmas\u0131n\u0131 diliyorum.<\/p>\n<p><strong>Bu Blogda Ne Bulabilirsiniz?<\/strong><\/p>\n<p>Okuyup incelediklerime\u00a0farkl\u0131 kimliklerimle bakmay\u0131, analiz etmeyi seviyor ve bunlar\u0131 payla\u015fmak istiyorum. Burada payla\u015f\u0131mlarda bulunman\u0131n sorumlulu\u011fu ile daha fazla ara\u015ft\u0131rmak, incelemek ve hayatla ilgili \u00e7\u0131kar\u0131mlar\u0131m\u0131 somutla\u015ft\u0131rmak niyetindeyim. Y\u00f6netim, insan kaynaklar\u0131, g\u0131da, yemek, kalite, \u00e7evre, i\u015f sa\u011fl\u0131\u011f\u0131 g\u00fcvenli\u011fi, bilirki\u015filik gibi konular \u00fczerine yazmay\u0131 d\u00fc\u015f\u00fcn\u00fcyorum. Yazd\u0131klar\u0131m\u0131 okudu\u011fum kaynaklardan al\u0131nt\u0131larla g\u00fc\u00e7lendirmek istiyorum. Blog vas\u0131tas\u0131yla yeni insanlar tan\u0131may\u0131 da arzu ediyorum. L\u00fctfen d\u00fc\u015f\u00fcncelerinizi payla\u015fmak, tart\u0131\u015fmak isterseniz benimle ileti\u015fime ge\u00e7in, \u00e7ok memnun olurum.<\/p><\/div>\n<\/div>\n<\/div>\n<\/div>\n<\/section>\n<p>[\/vc_column_text][\/vc_column][\/vc_row][vc_section full_width=&#8221;stretch_row&#8221; css=&#8221;.vc_custom_1594899594882{padding-top: 30px !important;padding-bottom: 30px !important;background-color: #1fbba6 !important;}&#8221;][vc_row content_placement=&#8221;middle&#8221; css=&#8221;.vc_custom_1594856264515{padding-top: 50px !important;padding-bottom: 50px !important;}&#8221;][vc_column]<blockquote class=\"text-big shortcode-blockquote block-style-widget\"><h2 style=\"text-align: center;\">\u201cHer g\u00fcn kendi ellerinle in\u015fa etti\u011fin yoldan y\u00fcr\u00fcrsen olman gereken yere varacaks\u0131n.\u201d<\/h2>\n<p style=\"text-align: center;\">\u2014 M\u0131s\u0131r Atas\u00f6z\u00fc<\/p>\n<\/blockquote>[\/vc_column][\/vc_row][\/vc_section][vc_row css=&#8221;.vc_custom_1594856503178{padding-top: 50px !important;padding-bottom: 50px !important;}&#8221;][vc_column]<div class=\"dt-fancy-separator h2-size title-color\" style=\"width: 100%;\"><div class=\"dt-fancy-title\"><span class=\"separator-holder separator-left\"><\/span>Son Yaz\u0131lar\u0131m<span class=\"separator-holder separator-right\"><\/span><\/div><\/div>[vc_separator color=&#8221;white&#8221; css=&#8221;.vc_custom_1594856706055{padding-bottom: 30px !important;}&#8221;][vc_masonry_grid post_type=&#8221;post&#8221; max_items=&#8221;3&#8243; gap=&#8221;35&#8243; grid_id=&#8221;vc_gid:1594913154530-31ccdba3-5c76-9&#8243;][\/vc_column][\/vc_row]<\/p>\n","protected":false},"excerpt":{"rendered":"<p>[vc_row css=&#8221;.vc_custom_1594856295239{padding-bottom: 50px !important;}&#8221;][vc_column][vc_column_text] Bu Blo\u011fu Neden Olu\u015fturdum? S\u00fcrekli i\u00e7imden kendime anlatt\u0131\u011f\u0131m konular\u0131 yaz\u0131ya d\u00f6kme iste\u011fimi tatmin etmek, birikimlerimi payla\u015fabilmek, okuyan insanlara fayda sa\u011flayabilmek, networking, daha fazla ara\u015ft\u0131rma yaparak yazd\u0131\u011f\u0131m konularda derinle\u015febilmek ve dolay\u0131s\u0131yla kendimi geli\u015ftirmek niyetleriyle yola \u00e7\u0131kt\u0131m. Hay\u0131rl\u0131 olmas\u0131n\u0131 diliyorum. Bu Blogda Ne Bulabilirsiniz? Okuyup incelediklerime\u00a0farkl\u0131 kimliklerimle bakmay\u0131, analiz etmeyi seviyor ve bunlar\u0131&hellip;<\/p>\n","protected":false},"author":1,"featured_media":0,"parent":0,"menu_order":0,"comment_status":"closed","ping_status":"closed","template":"","meta":[],"_links":{"self":[{"href":"https:\/\/www.serapozcalici.com\/tr\/wp-json\/wp\/v2\/pages\/15"}],"collection":[{"href":"https:\/\/www.serapozcalici.com\/tr\/wp-json\/wp\/v2\/pages"}],"about":[{"href":"https:\/\/www.serapozcalici.com\/tr\/wp-json\/wp\/v2\/types\/page"}],"author":[{"embeddable":true,"href":"https:\/\/www.serapozcalici.com\/tr\/wp-json\/wp\/v2\/users\/1"}],"replies":[{"embeddable":true,"href":"https:\/\/www.serapozcalici.com\/tr\/wp-json\/wp\/v2\/comments?post=15"}],"version-history":[{"count":4,"href":"https:\/\/www.serapozcalici.com\/tr\/wp-json\/wp\/v2\/pages\/15\/revisions"}],"predecessor-version":[{"id":368,"href":"https:\/\/www.serapozcalici.com\/tr\/wp-json\/wp\/v2\/pages\/15\/revisions\/368"}],"wp:attachment":[{"href":"https:\/\/www.serapozcalici.com\/tr\/wp-json\/wp\/v2\/media?parent=15"}],"curies":[{"name":"wp","href":"https:\/\/api.w.org\/{rel}","templated":true}]}}